{"id":2695,"date":"2023-11-06T16:21:06","date_gmt":"2023-11-06T15:21:06","guid":{"rendered":"https:\/\/naturalflow.ma\/?post_type=product&#038;p=2695"},"modified":"2023-11-06T19:30:15","modified_gmt":"2023-11-06T18:30:15","slug":"macerat-huileux-de-thym","status":"publish","type":"product","link":"https:\/\/naturalflow.ma\/ar\/product\/macerat-huileux-de-thym\/","title":{"rendered":"MACERAT HUILEUX DE THYM"},"content":{"rendered":"<p>Le Mac\u00e9rat de Thym a aussi un effet sur les cheveux matures et blancs \u00e0 qui il redonne couleur par un traitement continu. En ajoutant des huiles essentielles compl\u00e9mentaires du thym, ceci renforce les vertus pour diminuer l&#8217;avancement des cheveux blancs. Appliquez directement sur la cuir chevelu et sur les cheveux puis massez. Laisser agir pour une heure ou durant la nuit et rincez. G\u00e9n\u00e9ralement recommand\u00e9 de faire un traitement cheveux 2 \u00e0 3 fois par semaine. Ceci favorise la croissance des cheveux et utile dans le traitement de l&#8217;alop\u00e9cie.<\/p>\n<p>Mode d&#8217;utilisation: Appliquez matin et soir sur une peau nettoy\u00e9e. Massez jusqu&#8217;\u00e0 p\u00e9n\u00e9tration de l&#8217;huile.<\/p>\n<p>\u00c9vitez tout contact avec vos yeux.<\/p>\n<p>En cas de contact, rincez soigneusement \u00e0 l&#8217;eau.<\/p>","protected":false},"excerpt":{"rendered":"<p>Le mac\u00e9r\u00e2t de thym peut \u00eatre utilis\u00e9 au corps, visage et cheveux\/ cuir chevelu. Appliqu\u00e9 sur la peau, ceci soulage les piq\u00fbres d&#8217;insectes, une bonne option surtout pour les enfants. <\/p>","protected":false},"featured_media":2696,"comment_status":"open","ping_status":"closed","template":"","meta":{"_monsterinsights_skip_tracking":false,"_monsterinsights_sitenote_active":false,"_monsterinsights_sitenote_note":"","_monsterinsights_sitenote_category":0,"site-sidebar-layout":"default","site-content-layout":"","ast-site-content-layout":"default","site-content-style":"default","site-sidebar-style":"default","ast-global-header-display":"","ast-banner-title-visibility":"","ast-main-header-display":"","ast-hfb-above-header-display":"","ast-hfb-below-header-display":"","ast-hfb-mobile-header-display":"","site-post-title":"","ast-breadcrumbs-content":"","ast-featured-img":"","footer-sml-layout":"","ast-disable-related-posts":"","theme-transparent-header-meta":"default","adv-header-id-meta":"","stick-header-meta":"","header-above-stick-meta":"","header-main-stick-meta":"","header-below-stick-meta":"","astra-migrate-meta-layouts":"set","ast-page-background-enabled":"default","ast-page-background-meta":{"desktop":{"background-color":"var(--ast-global-color-4)","background-image":"","background-repeat":"repeat","background-position":"center center","background-size":"auto","background-attachment":"scroll","background-type":"","background-media":"","overlay-type":"","overlay-color":"","overlay-opacity":"","overlay-gradient":""},"tablet":{"background-color":"","background-image":"","background-repeat":"repeat","background-position":"center center","background-size":"auto","background-attachment":"scroll","background-type":"","background-media":"","overlay-type":"","overlay-color":"","overlay-opacity":"","overlay-gradient":""},"mobile":{"background-color":"","background-image":"","background-repeat":"repeat","background-position":"center center","background-size":"auto","background-attachment":"scroll","background-type":"","background-media":"","overlay-type":"","overlay-color":"","overlay-opacity":"","overlay-gradient":""}},"ast-content-background-meta":{"desktop":{"background-color":"var(--ast-global-color-5)","background-image":"","background-repeat":"repeat","background-position":"center center","background-size":"auto","background-attachment":"scroll","background-type":"","background-media":"","overlay-type":"","overlay-color":"","overlay-opacity":"","overlay-gradient":""},"tablet":{"background-color":"var(--ast-global-color-5)","background-image":"","background-repeat":"repeat","background-position":"center center","background-size":"auto","background-attachment":"scroll","background-type":"","background-media":"","overlay-type":"","overlay-color":"","overlay-opacity":"","overlay-gradient":""},"mobile":{"background-color":"var(--ast-global-color-5)","background-image":"","background-repeat":"repeat","background-position":"center center","background-size":"auto","background-attachment":"scroll","background-type":"","background-media":"","overlay-type":"","overlay-color":"","overlay-opacity":"","overlay-gradient":""}}},"product_brand":[],"product_cat":[15],"product_tag":[],"class_list":{"0":"post-2695","1":"product","2":"type-product","3":"status-publish","4":"has-post-thumbnail","6":"product_cat-huiles","7":"pa_contenance-30ml","8":"pa_contenance-50ml","9":"desktop-align-left","10":"tablet-align-left","11":"mobile-align-left","13":"first","14":"instock","15":"sale","16":"taxable","17":"shipping-taxable","18":"purchasable","19":"product-type-variable"},"aioseo_notices":[],"_links":{"self":[{"href":"https:\/\/naturalflow.ma\/ar\/wp-json\/wp\/v2\/product\/2695","targetHints":{"allow":["GET"]}}],"collection":[{"href":"https:\/\/naturalflow.ma\/ar\/wp-json\/wp\/v2\/product"}],"about":[{"href":"https:\/\/naturalflow.ma\/ar\/wp-json\/wp\/v2\/types\/product"}],"replies":[{"embeddable":true,"href":"https:\/\/naturalflow.ma\/ar\/wp-json\/wp\/v2\/comments?post=2695"}],"wp:featuredmedia":[{"embeddable":true,"href":"https:\/\/naturalflow.ma\/ar\/wp-json\/wp\/v2\/media\/2696"}],"wp:attachment":[{"href":"https:\/\/naturalflow.ma\/ar\/wp-json\/wp\/v2\/media?parent=2695"}],"wp:term":[{"taxonomy":"product_brand","embeddable":true,"href":"https:\/\/naturalflow.ma\/ar\/wp-json\/wp\/v2\/product_brand?post=2695"},{"taxonomy":"product_cat","embeddable":true,"href":"https:\/\/naturalflow.ma\/ar\/wp-json\/wp\/v2\/product_cat?post=2695"},{"taxonomy":"product_tag","embeddable":true,"href":"https:\/\/naturalflow.ma\/ar\/wp-json\/wp\/v2\/product_tag?post=2695"}],"curies":[{"name":"wp","href":"https:\/\/api.w.org\/{rel}","templated":true}]}}