{"id":2692,"date":"2023-11-06T16:17:45","date_gmt":"2023-11-06T15:17:45","guid":{"rendered":"https:\/\/naturalflow.ma\/?post_type=product&#038;p=2692"},"modified":"2026-04-16T14:37:09","modified_gmt":"2026-04-16T13:37:09","slug":"soin-anti-vergetures","status":"publish","type":"product","link":"https:\/\/naturalflow.ma\/ar\/product\/soin-anti-vergetures\/","title":{"rendered":"SOIN ANTI-VERGETURES"},"content":{"rendered":"<p>Riche en vitamines A, E ,B,K,PP, r\u00e9tinol acides gras et anti-oxidants.<br \/>\n\u0641\u0648\u0627\u0626\u062f:<br \/>\nSoin vergetures, hydrate la zone stri\u00e9e, stimule la circulation, favorise la production du collag\u00e8ne, attenut les vergetures blanches cicatris\u00e9es, traite et \u00e9limine les stries rouges violac\u00e9es.<br \/>\nCompositions :<br \/>\nHuile d&#8217;argan, huile de s\u00e9same, huile d&#8217;amande, huile de rose de damas, huile de germe de bl\u00e9, huile de lin<\/p>","protected":false},"excerpt":{"rendered":"<p>D\u00e9couvrez un m\u00e9lange puissant d&#8217;huiles naturelles riches en vitamines et antioxydants pour traiter les vergetures et hydrater la peau<\/p>","protected":false},"featured_media":2694,"comment_status":"open","ping_status":"closed","template":"","meta":{"_monsterinsights_skip_tracking":false,"_monsterinsights_sitenote_active":false,"_monsterinsights_sitenote_note":"","_monsterinsights_sitenote_category":0,"site-sidebar-layout":"default","site-content-layout":"","ast-site-content-layout":"default","site-content-style":"default","site-sidebar-style":"default","ast-global-header-display":"","ast-banner-title-visibility":"","ast-main-header-display":"","ast-hfb-above-header-display":"","ast-hfb-below-header-display":"","ast-hfb-mobile-header-display":"","site-post-title":"","ast-breadcrumbs-content":"","ast-featured-img":"","footer-sml-layout":"","ast-disable-related-posts":"","theme-transparent-header-meta":"default","adv-header-id-meta":"","stick-header-meta":"","header-above-stick-meta":"","header-main-stick-meta":"","header-below-stick-meta":"","astra-migrate-meta-layouts":"set","ast-page-background-enabled":"default","ast-page-background-meta":{"desktop":{"background-color":"var(--ast-global-color-4)","background-image":"","background-repeat":"repeat","background-position":"center center","background-size":"auto","background-attachment":"scroll","background-type":"","background-media":"","overlay-type":"","overlay-color":"","overlay-opacity":"","overlay-gradient":""},"tablet":{"background-color":"","background-image":"","background-repeat":"repeat","background-position":"center center","background-size":"auto","background-attachment":"scroll","background-type":"","background-media":"","overlay-type":"","overlay-color":"","overlay-opacity":"","overlay-gradient":""},"mobile":{"background-color":"","background-image":"","background-repeat":"repeat","background-position":"center center","background-size":"auto","background-attachment":"scroll","background-type":"","background-media":"","overlay-type":"","overlay-color":"","overlay-opacity":"","overlay-gradient":""}},"ast-content-background-meta":{"desktop":{"background-color":"var(--ast-global-color-5)","background-image":"","background-repeat":"repeat","background-position":"center center","background-size":"auto","background-attachment":"scroll","background-type":"","background-media":"","overlay-type":"","overlay-color":"","overlay-opacity":"","overlay-gradient":""},"tablet":{"background-color":"var(--ast-global-color-5)","background-image":"","background-repeat":"repeat","background-position":"center center","background-size":"auto","background-attachment":"scroll","background-type":"","background-media":"","overlay-type":"","overlay-color":"","overlay-opacity":"","overlay-gradient":""},"mobile":{"background-color":"var(--ast-global-color-5)","background-image":"","background-repeat":"repeat","background-position":"center center","background-size":"auto","background-attachment":"scroll","background-type":"","background-media":"","overlay-type":"","overlay-color":"","overlay-opacity":"","overlay-gradient":""}}},"product_brand":[],"product_cat":[15],"product_tag":[],"class_list":{"0":"post-2692","1":"product","2":"type-product","3":"status-publish","4":"has-post-thumbnail","6":"product_cat-huiles","7":"pa_contenance-30ml","8":"pa_contenance-50ml","9":"desktop-align-left","10":"tablet-align-left","11":"mobile-align-left","13":"first","14":"instock","15":"sale","16":"taxable","17":"shipping-taxable","18":"purchasable","19":"product-type-variable"},"aioseo_notices":[],"_links":{"self":[{"href":"https:\/\/naturalflow.ma\/ar\/wp-json\/wp\/v2\/product\/2692","targetHints":{"allow":["GET"]}}],"collection":[{"href":"https:\/\/naturalflow.ma\/ar\/wp-json\/wp\/v2\/product"}],"about":[{"href":"https:\/\/naturalflow.ma\/ar\/wp-json\/wp\/v2\/types\/product"}],"replies":[{"embeddable":true,"href":"https:\/\/naturalflow.ma\/ar\/wp-json\/wp\/v2\/comments?post=2692"}],"wp:featuredmedia":[{"embeddable":true,"href":"https:\/\/naturalflow.ma\/ar\/wp-json\/wp\/v2\/media\/2694"}],"wp:attachment":[{"href":"https:\/\/naturalflow.ma\/ar\/wp-json\/wp\/v2\/media?parent=2692"}],"wp:term":[{"taxonomy":"product_brand","embeddable":true,"href":"https:\/\/naturalflow.ma\/ar\/wp-json\/wp\/v2\/product_brand?post=2692"},{"taxonomy":"product_cat","embeddable":true,"href":"https:\/\/naturalflow.ma\/ar\/wp-json\/wp\/v2\/product_cat?post=2692"},{"taxonomy":"product_tag","embeddable":true,"href":"https:\/\/naturalflow.ma\/ar\/wp-json\/wp\/v2\/product_tag?post=2692"}],"curies":[{"name":"wp","href":"https:\/\/api.w.org\/{rel}","templated":true}]}}