{"id":2239,"date":"2023-07-03T23:50:05","date_gmt":"2023-07-03T22:50:05","guid":{"rendered":"https:\/\/naturalflow.ma\/login\/"},"modified":"2026-04-15T00:33:58","modified_gmt":"2026-04-14T23:33:58","slug":"account-2","status":"publish","type":"page","link":"https:\/\/naturalflow.ma\/ar\/account-2\/","title":{"rendered":"Login"},"content":{"rendered":"<div data-elementor-type=\"wp-page\" data-elementor-id=\"2239\" class=\"elementor elementor-2239\">\n\t\t\t\t\t\t<section class=\"elementor-section elementor-top-section elementor-element elementor-element-b848993 elementor-section-full_width elementor-section-height-min-height elementor-section-items-stretch elementor-section-content-middle elementor-section-height-default\" data-id=\"b848993\" data-element_type=\"section\" data-e-type=\"section\">\n\t\t\t\t\t\t<div class=\"elementor-container elementor-column-gap-no\">\n\t\t\t\t\t<div class=\"elementor-column elementor-col-50 elementor-top-column elementor-element elementor-element-8ecc6f8\" data-id=\"8ecc6f8\" data-element_type=\"column\" data-e-type=\"column\" data-settings=\"{&quot;background_background&quot;:&quot;classic&quot;}\">\n\t\t\t<div class=\"elementor-widget-wrap elementor-element-populated\">\n\t\t\t\t\t<div class=\"elementor-background-overlay\"><\/div>\n\t\t\t\t\t\t<div class=\"elementor-element elementor-element-20ea5a2 elementor-align-left elementor-widget elementor-widget-button\" data-id=\"20ea5a2\" data-element_type=\"widget\" data-e-type=\"widget\" data-widget_type=\"button.default\">\n\t\t\t\t<div class=\"elementor-widget-container\">\n\t\t\t\t\t\t\t\t\t<div class=\"elementor-button-wrapper\">\n\t\t\t\t\t<a class=\"elementor-button elementor-button-link elementor-size-xs\" href=\"\/ar\/shop\/\">\n\t\t\t\t\t\t<span class=\"elementor-button-content-wrapper\">\n\t\t\t\t\t\t<span class=\"elementor-button-icon\">\n\t\t\t\t<i aria-hidden=\"true\" class=\"icon icon-chevron-left\"><\/i>\t\t\t<\/span>\n\t\t\t\t\t\t\t\t\t<span class=\"elementor-button-text\">\u0627\u0644\u0639\u0648\u062f\u0629 \u0625\u0644\u0649 \u0627\u0644\u0645\u062a\u062c\u0631<\/span>\n\t\t\t\t\t<\/span>\n\t\t\t\t\t<\/a>\n\t\t\t\t<\/div>\n\t\t\t\t\t\t\t\t<\/div>\n\t\t\t\t<\/div>\n\t\t\t\t<div class=\"elementor-element elementor-element-0116415 elementor-widget elementor-widget-heading\" data-id=\"0116415\" data-element_type=\"widget\" data-e-type=\"widget\" data-widget_type=\"heading.default\">\n\t\t\t\t<div class=\"elementor-widget-container\">\n\t\t\t\t\t<h1 class=\"elementor-heading-title elementor-size-default\">\u0623\u0647\u0644\u0627 \u0628\u0639\u0648\u062f\u062a\u0643!<\/h1>\t\t\t\t<\/div>\n\t\t\t\t<\/div>\n\t\t\t\t<div class=\"elementor-element elementor-element-6281748 elementor-widget-mobile__width-auto elementor-absolute elementor-hidden-desktop elementor-hidden-tablet elementor-widget elementor-widget-image\" data-id=\"6281748\" data-element_type=\"widget\" data-e-type=\"widget\" data-settings=\"{&quot;_position&quot;:&quot;absolute&quot;}\" data-widget_type=\"image.default\">\n\t\t\t\t<div class=\"elementor-widget-container\">\n\t\t\t\t\t\t\t\t\t\t\t\t\t\t\t<img fetchpriority=\"high\" decoding=\"async\" width=\"400\" height=\"459\" src=\"https:\/\/naturalflow.ma\/wp-content\/uploads\/2023\/06\/logo-white-e1689889763335.png\" class=\"attachment-large size-large wp-image-1145\" alt=\"NaturalFLOW-LGO\" srcset=\"https:\/\/naturalflow.ma\/wp-content\/uploads\/2023\/06\/logo-white-e1689889763335.png 400w, https:\/\/naturalflow.ma\/wp-content\/uploads\/2023\/06\/logo-white-e1689889763335-261x300.png 261w, https:\/\/naturalflow.ma\/wp-content\/uploads\/2023\/06\/logo-white-e1689889763335-10x12.png 10w\" sizes=\"(max-width: 400px) 100vw, 400px\" \/>\t\t\t\t\t\t\t\t\t\t\t\t\t\t\t<\/div>\n\t\t\t\t<\/div>\n\t\t\t\t<section class=\"elementor-section elementor-inner-section elementor-element elementor-element-28b5b49 register-form-custom elementor-hidden-desktop elementor-hidden-tablet elementor-section-boxed elementor-section-height-default elementor-section-height-default\" data-id=\"28b5b49\" data-element_type=\"section\" data-e-type=\"section\" data-settings=\"{&quot;background_background&quot;:&quot;classic&quot;}\">\n\t\t\t\t\t\t<div class=\"elementor-container elementor-column-gap-default\">\n\t\t\t\t\t<div class=\"elementor-column elementor-col-100 elementor-inner-column elementor-element elementor-element-54d3dc3\" data-id=\"54d3dc3\" data-element_type=\"column\" data-e-type=\"column\">\n\t\t\t<div class=\"elementor-widget-wrap elementor-element-populated\">\n\t\t\t\t\t\t<div class=\"elementor-element elementor-element-9b8d47c .wpac-custom-signup-form elementor-widget elementor-widget-shortcode\" data-id=\"9b8d47c\" data-element_type=\"widget\" data-e-type=\"widget\" data-widget_type=\"shortcode.default\">\n\t\t\t\t<div class=\"elementor-widget-container\">\n\t\t\t\t\t\t\t<div class=\"elementor-shortcode\">\n<div class=\"um um-login um-2235\">\n\t<div class=\"um-form\">\n\t\t<form method=\"post\" action=\"\" autocomplete=\"off\" data-trp-original-action=\"\">\n\t\t\t<div class=\"um-row _um_row_1\" style=\"margin: 0 0 30px 0;\"><div class=\"um-col-1\"><div  id=\"um_field_2235_username\" class=\"um-field um-field-text  um-field-username um-field-text um-field-type_text\" data-key=\"username\"><div class=\"um-field-area\"><div class=\"um-field-icon\"><i class=\"um-faicon-user\"><\/i><\/div><input  autocomplete=\"off\" class=\"um-form-field valid um-iconed\" type=\"text\" name=\"username-2235\" id=\"username-2235\" value=\"\" placeholder=\"\u0627\u0633\u0645 \u0627\u0644\u0645\u0633\u062a\u062e\u062f\u0645 \u0623\u0648 \u0627\u0644\u0628\u0631\u064a\u062f \u0627\u0644\u0627\u0644\u0643\u062a\u0631\u0648\u0646\u064a\" data-validate=\"unique_username_or_email\" data-key=\"username\"  aria-invalid=\"false\" \/>\n\n\t\t\t\t\t\t<\/div><\/div><div  id=\"um_field_2235_user_password\" class=\"um-field um-field-password  um-field-user_password um-field-password um-field-type_password\" data-key=\"user_password\"><div class=\"um-field-area\"><div class=\"um-field-icon\"><i class=\"um-icon-android-lock\"><\/i><\/div><input class=\"um-form-field valid um-iconed\" type=\"password\" name=\"user_password-2235\" id=\"user_password-2235\" value=\"\" placeholder=\"\u0643\u0644\u0645\u0629 \u0627\u0644\u0645\u0631\u0648\u0631\" data-validate=\"\" data-key=\"user_password\"  aria-invalid=\"false\" \/>\n\n\t\t\t\t\t\t\t<\/div><\/div><\/div><\/div>\t<input type=\"hidden\" name=\"form_id\" id=\"form_id_2235\" value=\"2235\" \/>\n\t\t<p class=\"um_request_name\">\n\t\t<label for=\"um_request_2235\">Only fill in if you are not human<\/label>\n\t\t<input type=\"hidden\" name=\"um_request\" id=\"um_request_2235\" class=\"input\" value=\"\" size=\"25\" autocomplete=\"off\" \/>\n\t<\/p>\n\t<input type=\"hidden\" name=\"redirect_to\" id=\"redirect_to\" value=\"https:\/\/naturalflow.ma\" \/><input type=\"hidden\" id=\"_wpnonce\" name=\"_wpnonce\" value=\"9a986d3c15\" \/><input type=\"hidden\" name=\"_wp_http_referer\" value=\"\/ar\/wp-json\/wp\/v2\/pages\/2239\" \/>\n\t<div class=\"um-col-alt\">\n\n\t\t\n\n\t\t\t<div class=\"um-field um-field-c\">\n\t\t\t\t<div class=\"um-field-area\">\n\t\t\t\t\t<label class=\"um-field-checkbox\">\n\t\t\t\t\t\t<input type=\"checkbox\" name=\"rememberme\" value=\"1\"  \/>\n\t\t\t\t\t\t<span class=\"um-field-checkbox-state\"><i class=\"um-icon-android-checkbox-outline-blank\"><\/i><\/span>\n\t\t\t\t\t\t<span class=\"um-field-checkbox-option\"> Keep me signed in<\/span>\n\t\t\t\t\t<\/label>\n\t\t\t\t<\/div>\n\t\t\t<\/div>\n\n\t\t\t\t\t\t<div class=\"um-clear\"><\/div>\n\t\t\n\t\t\t<div class=\"um-center\">\n\t\t\t\t<input type=\"submit\" value=\"Login\" class=\"um-button\" id=\"um-submit-btn\" \/>\n\t\t\t<\/div>\n\n\t\t\n\t\t<div class=\"um-clear\"><\/div>\n\n\t<\/div>\n\n\t\n\t<div class=\"um-col-alt-b\">\n\t\t<a href=\"https:\/\/naturalflow.ma\/ar\/password-reset\/\" class=\"um-link-alt\">\n\t\t\tForgot your password?\t\t<\/a>\n\t<\/div>\n\n\t\t\t<input type=\"hidden\" name=\"trp-form-language\" value=\"ar\"\/><\/form>\n\t<\/div>\n<\/div>\n<style>\n\t\t\t.um-2235.um {\n\t\t\tmax-width: 300px;\n\t\t}\n\t\t<\/style>\n<\/div>\n\t\t\t\t\t\t<\/div>\n\t\t\t\t<\/div>\n\t\t\t\t\t<\/div>\n\t\t<\/div>\n\t\t\t\t\t<\/div>\n\t\t<\/section>\n\t\t\t\t<section class=\"elementor-section elementor-inner-section elementor-element elementor-element-c170e21 elementor-section-height-min-height elementor-section-content-middle elementor-section-full_width elementor-hidden-desktop elementor-hidden-tablet elementor-section-height-default\" data-id=\"c170e21\" data-element_type=\"section\" data-e-type=\"section\" data-settings=\"{&quot;background_background&quot;:&quot;classic&quot;}\">\n\t\t\t\t\t\t<div class=\"elementor-container elementor-column-gap-default\">\n\t\t\t\t\t<div class=\"elementor-column elementor-col-100 elementor-inner-column elementor-element elementor-element-0531bcb\" data-id=\"0531bcb\" data-element_type=\"column\" data-e-type=\"column\">\n\t\t\t<div class=\"elementor-widget-wrap elementor-element-populated\">\n\t\t\t\t\t\t<div class=\"elementor-element elementor-element-2ed541d elementor-widget__width-auto elementor-widget elementor-widget-heading\" data-id=\"2ed541d\" data-element_type=\"widget\" data-e-type=\"widget\" data-widget_type=\"heading.default\">\n\t\t\t\t<div class=\"elementor-widget-container\">\n\t\t\t\t\t<div class=\"elementor-heading-title elementor-size-default\">\u0647\u0644 \u0644\u062f\u064a\u0643 \u062d\u0633\u0627\u0628\u061f<\/div>\t\t\t\t<\/div>\n\t\t\t\t<\/div>\n\t\t\t\t<div class=\"elementor-element elementor-element-abe5ad0 elementor-widget__width-auto elementor-widget elementor-widget-heading\" data-id=\"abe5ad0\" data-element_type=\"widget\" data-e-type=\"widget\" data-widget_type=\"heading.default\">\n\t\t\t\t<div class=\"elementor-widget-container\">\n\t\t\t\t\t<div class=\"elementor-heading-title elementor-size-default\"><a href=\"https:\/\/naturalflow.ma\/ar\/register\/\">\u0623\u0646\u0634\u0626 \u062d\u0633\u0627\u0628<\/a><\/div>\t\t\t\t<\/div>\n\t\t\t\t<\/div>\n\t\t\t\t\t<\/div>\n\t\t<\/div>\n\t\t\t\t\t<\/div>\n\t\t<\/section>\n\t\t\t\t<div class=\"elementor-element elementor-element-f4517ae register-paragraph elementor-widget elementor-widget-text-editor\" data-id=\"f4517ae\" data-element_type=\"widget\" data-e-type=\"widget\" data-widget_type=\"text-editor.default\">\n\t\t\t\t<div class=\"elementor-widget-container\">\n\t\t\t\t\t\t\t\t\t<p>\u064a\u0633\u0639\u062f\u0646\u0627 \u0648\u062c\u0648\u062f\u0643 \u0639\u0644\u0649 \u0635\u0641\u062d\u0629 \u062a\u0633\u062c\u064a\u0644 \u0627\u0644\u062f\u062e\u0648\u0644 \u0627\u0644\u062e\u0627\u0635\u0629 \u0628\u0646\u0627. \u0647\u0646\u0627\u060c \u064a\u0634\u0628\u0647 \u0627\u0644\u0639\u062b\u0648\u0631 \u0639\u0644\u0649 \u0635\u062f\u064a\u0642 \u0642\u062f\u064a\u0645! \u0645\u0646 \u062e\u0644\u0627\u0644 \u062a\u0633\u062c\u064a\u0644 \u0627\u0644\u062f\u062e\u0648\u0644 \u0625\u0644\u0649 \u062d\u0633\u0627\u0628\u0643\u060c \u0633\u062a\u0641\u062a\u062d \u0627\u0644\u0623\u0628\u0648\u0627\u0628 \u0623\u0645\u0627\u0645 \u0639\u0627\u0644\u0645 \u0645\u062b\u064a\u0631 \u0645\u0646 \u0627\u0644\u0645\u0646\u062a\u062c\u0627\u062a \u0627\u0644\u0635\u062d\u064a\u0629 \u0627\u0644\u0637\u0628\u064a\u0639\u064a\u0629. \u062a\u062e\u064a\u0644 \u0643\u0644 \u0627\u0644\u0639\u062c\u0627\u0626\u0628 \u0627\u0644\u062a\u064a \u062a\u0646\u062a\u0638\u0631\u0643: \u0627\u0644\u0645\u0643\u0645\u0644\u0627\u062a \u0627\u0644\u0637\u0628\u064a\u0639\u064a\u0629\u060c \u0648\u0639\u0644\u0627\u062c\u0627\u062a \u0627\u0644\u062a\u062c\u0645\u064a\u0644 \u0627\u0644\u0637\u0628\u064a\u0639\u064a\u0629\u060c \u0648\u0623\u0643\u062b\u0631 \u0645\u0646 \u0630\u0644\u0643 \u0628\u0643\u062b\u064a\u0631!<\/p>\t\t\t\t\t\t\t\t<\/div>\n\t\t\t\t<\/div>\n\t\t\t\t\t<\/div>\n\t\t<\/div>\n\t\t\t\t<div class=\"elementor-column elementor-col-50 elementor-top-column elementor-element elementor-element-cd79c72 elementor-hidden-mobile\" data-id=\"cd79c72\" data-element_type=\"column\" data-e-type=\"column\">\n\t\t\t<div class=\"elementor-widget-wrap elementor-element-populated\">\n\t\t\t\t\t\t<div class=\"elementor-element elementor-element-23022a3 elementor-widget elementor-widget-image\" data-id=\"23022a3\" data-element_type=\"widget\" data-e-type=\"widget\" data-widget_type=\"image.default\">\n\t\t\t\t<div class=\"elementor-widget-container\">\n\t\t\t\t\t\t\t\t\t\t\t\t\t\t\t<img decoding=\"async\" width=\"400\" height=\"465\" src=\"https:\/\/naturalflow.ma\/wp-content\/uploads\/2023\/07\/cropped-FLOW-New-Logo-Colored-e1689889725235-60x70.png\" class=\"attachment-large size-large wp-image-2507\" alt=\"Natural Flow Logo\" srcset=\"https:\/\/naturalflow.ma\/wp-content\/uploads\/2023\/07\/cropped-FLOW-New-Logo-Colored-e1689889725235.png 400w, https:\/\/naturalflow.ma\/wp-content\/uploads\/2023\/07\/cropped-FLOW-New-Logo-Colored-e1689889725235-258x300.png 258w, https:\/\/naturalflow.ma\/wp-content\/uploads\/2023\/07\/cropped-FLOW-New-Logo-Colored-e1689889725235-10x12.png 10w, https:\/\/naturalflow.ma\/wp-content\/uploads\/2023\/07\/cropped-FLOW-New-Logo-Colored-e1689889725235-60x70.png 60w\" sizes=\"(max-width: 400px) 100vw, 400px\" \/>\t\t\t\t\t\t\t\t\t\t\t\t\t\t\t<\/div>\n\t\t\t\t<\/div>\n\t\t\t\t<section class=\"elementor-section elementor-inner-section elementor-element elementor-element-fd19222 register-form-custom elementor-section-boxed elementor-section-height-default elementor-section-height-default\" data-id=\"fd19222\" data-element_type=\"section\" data-e-type=\"section\" data-settings=\"{&quot;background_background&quot;:&quot;classic&quot;}\">\n\t\t\t\t\t\t<div class=\"elementor-container elementor-column-gap-default\">\n\t\t\t\t\t<div class=\"elementor-column elementor-col-100 elementor-inner-column elementor-element elementor-element-cbf0f82\" data-id=\"cbf0f82\" data-element_type=\"column\" data-e-type=\"column\">\n\t\t\t<div class=\"elementor-widget-wrap elementor-element-populated\">\n\t\t\t\t\t\t<div class=\"elementor-element elementor-element-f4d3eb8 .wpac-custom-signup-form elementor-widget elementor-widget-shortcode\" data-id=\"f4d3eb8\" data-element_type=\"widget\" data-e-type=\"widget\" data-widget_type=\"shortcode.default\">\n\t\t\t\t<div class=\"elementor-widget-container\">\n\t\t\t\t\t\t\t<div class=\"elementor-shortcode\">\n<div class=\"um um-login um-2235\">\n\t<div class=\"um-form\">\n\t\t<form method=\"post\" action=\"\" autocomplete=\"off\" data-trp-original-action=\"\">\n\t\t\t<div class=\"um-row _um_row_1\" style=\"margin: 0 0 30px 0;\"><div class=\"um-col-1\"><div  id=\"um_field_2235_username\" class=\"um-field um-field-text  um-field-username um-field-text um-field-type_text\" data-key=\"username\"><div class=\"um-field-area\"><div class=\"um-field-icon\"><i class=\"um-faicon-user\"><\/i><\/div><input  autocomplete=\"off\" class=\"um-form-field valid um-iconed\" type=\"text\" name=\"username-2235\" id=\"username-2235\" value=\"\" placeholder=\"\u0627\u0633\u0645 \u0627\u0644\u0645\u0633\u062a\u062e\u062f\u0645 \u0623\u0648 \u0627\u0644\u0628\u0631\u064a\u062f \u0627\u0644\u0627\u0644\u0643\u062a\u0631\u0648\u0646\u064a\" data-validate=\"unique_username_or_email\" data-key=\"username\"  aria-invalid=\"false\" \/>\n\n\t\t\t\t\t\t<\/div><\/div><div  id=\"um_field_2235_user_password\" class=\"um-field um-field-password  um-field-user_password um-field-password um-field-type_password\" data-key=\"user_password\"><div class=\"um-field-area\"><div class=\"um-field-icon\"><i class=\"um-icon-android-lock\"><\/i><\/div><input class=\"um-form-field valid um-iconed\" type=\"password\" name=\"user_password-2235\" id=\"user_password-2235\" value=\"\" placeholder=\"\u0643\u0644\u0645\u0629 \u0627\u0644\u0645\u0631\u0648\u0631\" data-validate=\"\" data-key=\"user_password\"  aria-invalid=\"false\" \/>\n\n\t\t\t\t\t\t\t<\/div><\/div><\/div><\/div>\t<input type=\"hidden\" name=\"form_id\" id=\"form_id_2235\" value=\"2235\" \/>\n\t\t<p class=\"um_request_name\">\n\t\t<label for=\"um_request_2235\">Only fill in if you are not human<\/label>\n\t\t<input type=\"hidden\" name=\"um_request\" id=\"um_request_2235\" class=\"input\" value=\"\" size=\"25\" autocomplete=\"off\" \/>\n\t<\/p>\n\t<input type=\"hidden\" name=\"redirect_to\" id=\"redirect_to\" value=\"https:\/\/naturalflow.ma\" \/><input type=\"hidden\" id=\"_wpnonce\" name=\"_wpnonce\" value=\"9a986d3c15\" \/><input type=\"hidden\" name=\"_wp_http_referer\" value=\"\/ar\/wp-json\/wp\/v2\/pages\/2239\" \/>\n\t<div class=\"um-col-alt\">\n\n\t\t\n\n\t\t\t<div class=\"um-field um-field-c\">\n\t\t\t\t<div class=\"um-field-area\">\n\t\t\t\t\t<label class=\"um-field-checkbox\">\n\t\t\t\t\t\t<input type=\"checkbox\" name=\"rememberme\" value=\"1\"  \/>\n\t\t\t\t\t\t<span class=\"um-field-checkbox-state\"><i class=\"um-icon-android-checkbox-outline-blank\"><\/i><\/span>\n\t\t\t\t\t\t<span class=\"um-field-checkbox-option\"> Keep me signed in<\/span>\n\t\t\t\t\t<\/label>\n\t\t\t\t<\/div>\n\t\t\t<\/div>\n\n\t\t\t\t\t\t<div class=\"um-clear\"><\/div>\n\t\t\n\t\t\t<div class=\"um-center\">\n\t\t\t\t<input type=\"submit\" value=\"Login\" class=\"um-button\" id=\"um-submit-btn\" \/>\n\t\t\t<\/div>\n\n\t\t\n\t\t<div class=\"um-clear\"><\/div>\n\n\t<\/div>\n\n\t\n\t<div class=\"um-col-alt-b\">\n\t\t<a href=\"https:\/\/naturalflow.ma\/ar\/password-reset\/\" class=\"um-link-alt\">\n\t\t\tForgot your password?\t\t<\/a>\n\t<\/div>\n\n\t\t\t<input type=\"hidden\" name=\"trp-form-language\" value=\"ar\"\/><\/form>\n\t<\/div>\n<\/div>\n<\/div>\n\t\t\t\t\t\t<\/div>\n\t\t\t\t<\/div>\n\t\t\t\t\t<\/div>\n\t\t<\/div>\n\t\t\t\t\t<\/div>\n\t\t<\/section>\n\t\t\t\t<section class=\"elementor-section elementor-inner-section elementor-element elementor-element-06ba847 elementor-section-height-min-height elementor-section-content-middle elementor-section-full_width elementor-section-height-default\" data-id=\"06ba847\" data-element_type=\"section\" data-e-type=\"section\">\n\t\t\t\t\t\t<div class=\"elementor-container elementor-column-gap-default\">\n\t\t\t\t\t<div class=\"elementor-column elementor-col-100 elementor-inner-column elementor-element elementor-element-c797d46\" data-id=\"c797d46\" data-element_type=\"column\" data-e-type=\"column\">\n\t\t\t<div class=\"elementor-widget-wrap elementor-element-populated\">\n\t\t\t\t\t\t<div class=\"elementor-element elementor-element-42f26f0 elementor-widget__width-auto elementor-widget elementor-widget-heading\" data-id=\"42f26f0\" data-element_type=\"widget\" data-e-type=\"widget\" data-widget_type=\"heading.default\">\n\t\t\t\t<div class=\"elementor-widget-container\">\n\t\t\t\t\t<div class=\"elementor-heading-title elementor-size-default\">\u0644\u064a\u0633 \u0644\u062f\u064a\u0643 \u062d\u0633\u0627\u0628\u061f<\/div>\t\t\t\t<\/div>\n\t\t\t\t<\/div>\n\t\t\t\t<div class=\"elementor-element elementor-element-dabe1ab elementor-widget__width-auto elementor-widget elementor-widget-heading\" data-id=\"dabe1ab\" data-element_type=\"widget\" data-e-type=\"widget\" data-widget_type=\"heading.default\">\n\t\t\t\t<div class=\"elementor-widget-container\">\n\t\t\t\t\t<div class=\"elementor-heading-title elementor-size-default\"><a href=\"https:\/\/naturalflow.ma\/ar\/register\/\">\u0623\u0646\u0634\u0626 \u062d\u0633\u0627\u0628<\/a><\/div>\t\t\t\t<\/div>\n\t\t\t\t<\/div>\n\t\t\t\t\t<\/div>\n\t\t<\/div>\n\t\t\t\t\t<\/div>\n\t\t<\/section>\n\t\t\t\t\t<\/div>\n\t\t<\/div>\n\t\t\t\t\t<\/div>\n\t\t<\/section>\n\t\t\t\t<\/div>","protected":false},"excerpt":{"rendered":"<p>Retournez \u00e0 la boutique Content de te revoir! Vous avez d\u00e9j\u00e0 un compte? Cr\u00e9er votre compte. Nous sommes ravis de te retrouver sur notre page de connexion. Ici, c\u2019est comme retrouver un ami de longue date ! En te connectant \u00e0 ton compte, tu vas ouvrir les portes d\u2019un monde passionnant de produits de sant\u00e9 [&hellip;]<\/p>\n","protected":false},"author":3,"featured_media":0,"parent":0,"menu_order":0,"comment_status":"closed","ping_status":"closed","template":"elementor_canvas","meta":{"_monsterinsights_skip_tracking":false,"_monsterinsights_sitenote_active":false,"_monsterinsights_sitenote_note":"","_monsterinsights_sitenote_category":0,"site-sidebar-layout":"default","site-content-layout":"","ast-site-content-layout":"default","site-content-style":"default","site-sidebar-style":"default","ast-global-header-display":"","ast-banner-title-visibility":"","ast-main-header-display":"","ast-hfb-above-header-display":"","ast-hfb-below-header-display":"","ast-hfb-mobile-header-display":"","site-post-title":"","ast-breadcrumbs-content":"","ast-featured-img":"","footer-sml-layout":"","ast-disable-related-posts":"","theme-transparent-header-meta":"","adv-header-id-meta":"","stick-header-meta":"","header-above-stick-meta":"","header-main-stick-meta":"","header-below-stick-meta":"","astra-migrate-meta-layouts":"set","ast-page-background-enabled":"default","ast-page-background-meta":{"desktop":{"background-color":"var(--ast-global-color-4)","background-image":"","background-repeat":"repeat","background-position":"center center","background-size":"auto","background-attachment":"scroll","background-type":"","background-media":"","overlay-type":"","overlay-color":"","overlay-opacity":"","overlay-gradient":""},"tablet":{"background-color":"","background-image":"","background-repeat":"repeat","background-position":"center center","background-size":"auto","background-attachment":"scroll","background-type":"","background-media":"","overlay-type":"","overlay-color":"","overlay-opacity":"","overlay-gradient":""},"mobile":{"background-color":"","background-image":"","background-repeat":"repeat","background-position":"center center","background-size":"auto","background-attachment":"scroll","background-type":"","background-media":"","overlay-type":"","overlay-color":"","overlay-opacity":"","overlay-gradient":""}},"ast-content-background-meta":{"desktop":{"background-color":"var(--ast-global-color-5)","background-image":"","background-repeat":"repeat","background-position":"center center","background-size":"auto","background-attachment":"scroll","background-type":"","background-media":"","overlay-type":"","overlay-color":"","overlay-opacity":"","overlay-gradient":""},"tablet":{"background-color":"var(--ast-global-color-5)","background-image":"","background-repeat":"repeat","background-position":"center center","background-size":"auto","background-attachment":"scroll","background-type":"","background-media":"","overlay-type":"","overlay-color":"","overlay-opacity":"","overlay-gradient":""},"mobile":{"background-color":"var(--ast-global-color-5)","background-image":"","background-repeat":"repeat","background-position":"center center","background-size":"auto","background-attachment":"scroll","background-type":"","background-media":"","overlay-type":"","overlay-color":"","overlay-opacity":"","overlay-gradient":""}},"footnotes":""},"class_list":["post-2239","page","type-page","status-publish","hentry"],"aioseo_notices":[],"_links":{"self":[{"href":"https:\/\/naturalflow.ma\/ar\/wp-json\/wp\/v2\/pages\/2239","targetHints":{"allow":["GET"]}}],"collection":[{"href":"https:\/\/naturalflow.ma\/ar\/wp-json\/wp\/v2\/pages"}],"about":[{"href":"https:\/\/naturalflow.ma\/ar\/wp-json\/wp\/v2\/types\/page"}],"author":[{"embeddable":true,"href":"https:\/\/naturalflow.ma\/ar\/wp-json\/wp\/v2\/users\/3"}],"replies":[{"embeddable":true,"href":"https:\/\/naturalflow.ma\/ar\/wp-json\/wp\/v2\/comments?post=2239"}],"version-history":[{"count":19,"href":"https:\/\/naturalflow.ma\/ar\/wp-json\/wp\/v2\/pages\/2239\/revisions"}],"predecessor-version":[{"id":2887,"href":"https:\/\/naturalflow.ma\/ar\/wp-json\/wp\/v2\/pages\/2239\/revisions\/2887"}],"wp:attachment":[{"href":"https:\/\/naturalflow.ma\/ar\/wp-json\/wp\/v2\/media?parent=2239"}],"curies":[{"name":"wp","href":"https:\/\/api.w.org\/{rel}","templated":true}]}}